{"id":10137,"date":"2019-10-18T15:05:14","date_gmt":"2019-10-18T15:05:14","guid":{"rendered":"http:\/\/scanmotion.de\/3dproduktbilder\/?page_id=10137"},"modified":"2024-07-17T16:19:08","modified_gmt":"2024-07-17T16:19:08","slug":"mode-3d","status":"publish","type":"page","link":"https:\/\/scanmotion.de\/3dproduktbilder\/mode-3d\/","title":{"rendered":"Mode 3D"},"content":{"rendered":"<div class=\"fusion-fullwidth fullwidth-box fusion-builder-row-1 fusion-flex-container nonhundred-percent-fullwidth non-hundred-percent-height-scrolling\" style=\"--awb-border-radius-top-left:0px;--awb-border-radius-top-right:0px;--awb-border-radius-bottom-right:0px;--awb-border-radius-bottom-left:0px;--awb-flex-wrap:wrap;\" ><div class=\"fusion-builder-row fusion-row fusion-flex-align-items-flex-start fusion-flex-content-wrap\" style=\"max-width:1144px;margin-left: calc(-4% \/ 2 );margin-right: calc(-4% \/ 2 );\"><div class=\"fusion-layout-column fusion_builder_column fusion-builder-column-0 fusion_builder_column_1_1 1_1 fusion-flex-column\" style=\"--awb-bg-size:cover;--awb-width-large:100%;--awb-margin-top-large:0px;--awb-spacing-right-large:1.92%;--awb-margin-bottom-large:20px;--awb-spacing-left-large:1.92%;--awb-width-medium:100%;--awb-spacing-right-medium:1.92%;--awb-spacing-left-medium:1.92%;--awb-width-small:100%;--awb-spacing-right-small:1.92%;--awb-spacing-left-small:1.92%;\"><div class=\"fusion-column-wrapper fusion-column-has-shadow fusion-flex-justify-content-flex-start fusion-content-layout-column\"><div class=\"fusion-title title fusion-title-1 fusion-sep-none fusion-title-text fusion-title-size-one\" style=\"--awb-margin-top-small:0px;--awb-margin-right-small:0px;--awb-margin-bottom-small:20px;--awb-margin-left-small:0px;\"><h1 class=\"fusion-title-heading title-heading-left fusion-responsive-typography-calculated\" style=\"margin:0;--fontSize:32;line-height:1.5;\">3D Scan von Mode f\u00fcr Spiele und Augmented Reality<\/h1><\/div><div class=\"fusion-text fusion-text-1\"><p><script type=\"text\/javascript\">\n  function iFrameAnpassen(iframe) \n<\/script><\/p>\n<p><iframe title=\"3D Scan Kunstopjekte\" src=\"https:\/\/sketchfab.com\/models\/58d37ee330c84d84ba8619d0b1acde40\/embed?autospin=0.2&autostart=1&ui_infos=0&ui_stop=0&ui_inspector=0&ui_watermark=0&ui_help=0&ui_settings=0\" width=\"95%\" height=\"500\" frameborder=\"0\" allowfullscreen=\"allowfullscreen\"> <\/iframe><\/p>\n<\/div><div class=\"fusion-text fusion-text-2\"><p>Dinge wie Kleidung in 3D werden f\u00fcr vielf\u00e4ltige Anwendungen im Augmented Reality Bereich und zum Beispiel auch f\u00fcr Spiele ben\u00f6tigt. Scanmotion hat auch in diesen Bereichen schon f\u00fcr Kunden gearbeitet.<\/p>\n<\/div><div ><a class=\"fusion-button button-flat fusion-button-default-size button-darkgreen fusion-button-darkgreen button-1 fusion-button-default-span fusion-button-default-type\" target=\"_self\" href=\"http:\/\/scanmotion.de\/3dproduktbilder\/3d-scan-mode\/\"><span class=\"fusion-button-text awb-button__text awb-button__text--default\">zur\u00fcck<\/span><\/a><\/div><\/div><\/div><\/div><\/div>\n","protected":false},"excerpt":{"rendered":"","protected":false},"author":1,"featured_media":0,"parent":0,"menu_order":0,"comment_status":"closed","ping_status":"closed","template":"","meta":{"footnotes":""},"class_list":["post-10137","page","type-page","status-publish","hentry"],"aioseo_notices":[],"_links":{"self":[{"href":"https:\/\/scanmotion.de\/3dproduktbilder\/wp-json\/wp\/v2\/pages\/10137","targetHints":{"allow":["GET"]}}],"collection":[{"href":"https:\/\/scanmotion.de\/3dproduktbilder\/wp-json\/wp\/v2\/pages"}],"about":[{"href":"https:\/\/scanmotion.de\/3dproduktbilder\/wp-json\/wp\/v2\/types\/page"}],"author":[{"embeddable":true,"href":"https:\/\/scanmotion.de\/3dproduktbilder\/wp-json\/wp\/v2\/users\/1"}],"replies":[{"embeddable":true,"href":"https:\/\/scanmotion.de\/3dproduktbilder\/wp-json\/wp\/v2\/comments?post=10137"}],"version-history":[{"count":0,"href":"https:\/\/scanmotion.de\/3dproduktbilder\/wp-json\/wp\/v2\/pages\/10137\/revisions"}],"wp:attachment":[{"href":"https:\/\/scanmotion.de\/3dproduktbilder\/wp-json\/wp\/v2\/media?parent=10137"}],"curies":[{"name":"wp","href":"https:\/\/api.w.org\/{rel}","templated":true}]}}